{"id":9669,"date":"2023-06-02T17:47:35","date_gmt":"2023-06-02T14:47:35","guid":{"rendered":"https:\/\/www.brunetta.com.tr\/?page_id=9669"},"modified":"2023-06-03T13:04:52","modified_gmt":"2023-06-03T10:04:52","slug":"elektrikli-yagli-radyator","status":"publish","type":"page","link":"https:\/\/www.brunetta.com.tr\/index.php\/elektrikli-yagli-radyator\/","title":{"rendered":"Elektrikli Ya\u011fl\u0131 Radyat\u00f6r"},"content":{"rendered":"<p>[vc_row css=&#8221;.vc_custom_1558754119849{background-image: url(https:\/\/www.brunetta.com.tr\/wp-content\/uploads\/2019\/05\/main-bg-1.png?id=8860) !important;background-position: center !important;background-repeat: no-repeat !important;background-size: cover !important;}&#8221; el_id=&#8221;first-row&#8221;][vc_column]\r\n\t<div class=\"bauer-spacer clearfix\" data-desktop=\"94\" data-mobi=\"60\" data-smobi=\"60\"><\/div>[vc_row_inner][vc_column_inner width=&#8221;1\/2&#8243;]<div class=\"bauer-headings clearfix \"  style=\"\"><h2 class=\"heading clearfix \" style=\"\">\r\n\t\tElektrikli Ya\u011fl\u0131 Radyat\u00f6r\r\n\t<\/h2><div class=\"sep accent clearfix\" style=\"width:70px;height:2px;\"><\/div><\/div>\r\n\t<div class=\"bauer-spacer clearfix\" data-desktop=\"60\" data-mobi=\"30\" data-smobi=\"30\"><\/div>[vc_column_text]<strong>Hayat\u0131n\u0131za art\u0131 katacak bir \u00fcr\u00fcn daha k\u0131\u015f g\u00fcnlerinde i\u00e7inizi \u0131s\u0131tacak estetik g\u00f6r\u00fcn\u00fcm\u00fcyle g\u00f6nl\u00fcn\u00fcz\u00fc \u00e7alacak&#8230;<\/strong><\/p>\n<ul>\n<li>\u00a0Ayarlanabilir \u0131s\u0131 kontroll\u00fc termostat ile 30 ila 70 derece aras\u0131nda ayarlanabilir.<\/li>\n<li>\u00c7ift termostat ile a\u015f\u0131r\u0131 \u0131s\u0131nma \u00f6nleyici sistem.<\/li>\n<li>\u00d6zel dizayn edilmi\u015f ayaklar\u0131 sayesinde 30\/40 derece devrilme emniyetine sahiptir.<\/li>\n<li>\u00c7ocuk ve evcil hayvanlar i\u00e7in dermatolojik a\u00e7\u0131dan g\u00fcvenli temas.<\/li>\n<li>900W enerji sarfiyat\u0131 ile s\u0131n\u0131f\u0131n\u0131n en d\u00fc\u015f\u00fck yak\u0131t t\u00fcketimine sahiptir.<\/li>\n<li>\u00a0-10 Dereceye hava s\u0131cakl\u0131\u011f\u0131nda otomatik \u00e7al\u0131\u015fma kontrol\u00fc ile donma \u00f6nleyici sisteme sahiptir.<\/li>\n<li>\u00a00 ses ve 0 koku olu\u015fumu ve esinti olmadan \u0131s\u0131nma ile konforlu ayr\u0131cal\u0131klar sunar.<\/li>\n<li>Tekerlekli ayaklar ve ta\u015f\u0131ma kulpu sayesinde kolay ta\u015f\u0131nabilme<\/li>\n<\/ul>\n<p>[\/vc_column_text]\r\n\t<div class=\"bauer-spacer clearfix\" data-desktop=\"60\" data-mobi=\"30\" data-smobi=\"30\"><\/div><div class=\"bauer-grid-box clearfix grid2 border-light v-30 h-15 no-borders\" data-grid=\"2\" >\r\n\t\t<div class=\"button-wrap icon-right\" style=\"display: block; text-align: center;\" ><a href=\"\" target=\"_blank\" class=\"bauer-button btn-344979543 medium no_icon custom outline solid custom\" style=\"display: block; text-align: center;border-radius:10px;border-width:1px;\"  data-background=\"#dd9933\" data-border=\"\" data-text=\"#ffffff\">\r\n\t\t<span style=\"\">\u00dcr\u00fcn Bilgi Talep Formu <\/span>\r\n\t<\/a><\/div><div class=\"button-wrap icon-right\" style=\"\" ><a href=\"\" target=\"_blank\" class=\"bauer-button btn-1297374031 medium no_icon custom outline solid custom\" style=\"border-radius:10px;border-width:1px;\"  data-background=\"#5e992f\" data-border=\"\" data-text=\"#ffffff\">\r\n\t\t<span style=\"\">Katalog <\/span>\r\n\t<\/a><\/div>\n\r\n\t<\/div>[\/vc_column_inner][vc_column_inner width=&#8221;1\/2&#8243;]<div class=\"bauer-images-carousel  arrow-center has-arrows\" data-auto=\"true\" data-loop=\"true\" data-gap=\"30\" data-column=\"1\" data-column2=\"2\" data-column3=\"1\">\r\n        <div class=\"owl-carousel owl-theme\"><div class=\"item-wrap\"><img decoding=\"async\" src=\"https:\/\/www.brunetta.com.tr\/wp-content\/uploads\/2023\/06\/1-1-600x500.jpg\" alt=\"Image\"><\/div><div class=\"item-wrap\"><img decoding=\"async\" src=\"https:\/\/www.brunetta.com.tr\/wp-content\/uploads\/2023\/06\/3-1-600x500.jpg\" alt=\"Image\"><\/div><div class=\"item-wrap\"><img decoding=\"async\" src=\"https:\/\/www.brunetta.com.tr\/wp-content\/uploads\/2023\/06\/2-600x500.jpg\" alt=\"Image\"><\/div><div class=\"item-wrap\"><img decoding=\"async\" src=\"https:\/\/www.brunetta.com.tr\/wp-content\/uploads\/2023\/06\/4-600x500.jpg\" alt=\"Image\"><\/div><\/div><\/div>\r\n\t<div class=\"bauer-spacer clearfix\" data-desktop=\"10\" data-mobi=\"40\" data-smobi=\"40\"><\/div>[\/vc_column_inner][\/vc_row_inner]\r\n\t<div class=\"bauer-spacer clearfix\" data-desktop=\"100\" data-mobi=\"60\" data-smobi=\"60\"><\/div>[\/vc_column][\/vc_row]<\/p>\n","protected":false},"excerpt":{"rendered":"<p>[vc_row css=&#8221;.vc_custom_1558754119849{background-image: url(https:\/\/www.brunetta.com.tr\/wp-content\/uploads\/2019\/05\/main-bg-1.png?id=8860) !important;background-position: center !important;background-repeat: no-repeat !important;background-size: cover !important;}&#8221; el_id=&#8221;first-row&#8221;][vc_column][vc_row_inner][vc_column_inner width=&#8221;1\/2&#8243;][vc_column_text]Hayat\u0131n\u0131za art\u0131 katacak bir \u00fcr\u00fcn daha k\u0131\u015f g\u00fcnlerinde i\u00e7inizi \u0131s\u0131tacak estetik g\u00f6r\u00fcn\u00fcm\u00fcyle g\u00f6nl\u00fcn\u00fcz\u00fc \u00e7alacak&#8230; \u00a0Ayarlanabilir \u0131s\u0131 kontroll\u00fc termostat ile 30 ila 70 derece aras\u0131nda ayarlanabilir. \u00c7ift termostat ile a\u015f\u0131r\u0131 \u0131s\u0131nma \u00f6nleyici sistem. \u00d6zel dizayn edilmi\u015f ayaklar\u0131 sayesinde 30\/40 derece<\/p>\n","protected":false},"author":1,"featured_media":0,"parent":0,"menu_order":0,"comment_status":"closed","ping_status":"closed","template":"","meta":{"_mi_skip_tracking":false,"footnotes":""},"class_list":["post-9669","page","type-page","status-publish","hentry"],"_links":{"self":[{"href":"https:\/\/www.brunetta.com.tr\/index.php\/wp-json\/wp\/v2\/pages\/9669","targetHints":{"allow":["GET"]}}],"collection":[{"href":"https:\/\/www.brunetta.com.tr\/index.php\/wp-json\/wp\/v2\/pages"}],"about":[{"href":"https:\/\/www.brunetta.com.tr\/index.php\/wp-json\/wp\/v2\/types\/page"}],"author":[{"embeddable":true,"href":"https:\/\/www.brunetta.com.tr\/index.php\/wp-json\/wp\/v2\/users\/1"}],"replies":[{"embeddable":true,"href":"https:\/\/www.brunetta.com.tr\/index.php\/wp-json\/wp\/v2\/comments?post=9669"}],"version-history":[{"count":1,"href":"https:\/\/www.brunetta.com.tr\/index.php\/wp-json\/wp\/v2\/pages\/9669\/revisions"}],"predecessor-version":[{"id":9676,"href":"https:\/\/www.brunetta.com.tr\/index.php\/wp-json\/wp\/v2\/pages\/9669\/revisions\/9676"}],"wp:attachment":[{"href":"https:\/\/www.brunetta.com.tr\/index.php\/wp-json\/wp\/v2\/media?parent=9669"}],"curies":[{"name":"wp","href":"https:\/\/api.w.org\/{rel}","templated":true}]}}