{"id":9535,"date":"2023-06-02T16:25:40","date_gmt":"2023-06-02T13:25:40","guid":{"rendered":"https:\/\/www.brunetta.com.tr\/?page_id=9535"},"modified":"2023-06-03T12:52:53","modified_gmt":"2023-06-03T09:52:53","slug":"smeraldo","status":"publish","type":"page","link":"https:\/\/www.brunetta.com.tr\/index.php\/smeraldo\/","title":{"rendered":"Smeraldo"},"content":{"rendered":"<p>[vc_row css=&#8221;.vc_custom_1558754119849{background-image: url(https:\/\/www.brunetta.com.tr\/wp-content\/uploads\/2019\/05\/main-bg-1.png?id=8860) !important;background-position: center !important;background-repeat: no-repeat !important;background-size: cover !important;}&#8221; el_id=&#8221;first-row&#8221;][vc_column]\r\n\t<div class=\"bauer-spacer clearfix\" data-desktop=\"94\" data-mobi=\"60\" data-smobi=\"60\"><\/div>[vc_row_inner][vc_column_inner width=&#8221;1\/2&#8243;]<div class=\"bauer-headings clearfix \"  style=\"\"><h2 class=\"heading clearfix \" style=\"\">\r\n\t\tSmeraldo\r\n\t<\/h2><div class=\"sep accent clearfix\" style=\"width:70px;height:2px;\"><\/div><\/div>\r\n\t<div class=\"bauer-spacer clearfix\" data-desktop=\"60\" data-mobi=\"30\" data-smobi=\"30\"><\/div>[vc_column_text]<strong>AYRICALIKLI ve AS\u0130L Y\u00fcksek \u0131s\u0131tma g\u00fcc\u00fc sayesinde bir al\u00fcminyum radyat\u00f6rden beklenebilecek b\u00fct\u00fcn \u00f6zelliklere sahip bir \u00fcr\u00fcnd\u00fcr.<\/strong><\/p>\n<p>\u00d6zellikle yere kadar cam b\u00f6lmelerle ayr\u0131lm\u0131\u015f duvars\u0131z mekanlar i\u00e7in e\u015fsiz bir \u00e7\u00f6z\u00fcmd\u00fcr, \u00f6zel tasarlanan ayaklar\u0131 sayesinde duvara ihtiya\u00e7 duyulmadan her yere kolayca montaj\u0131 yap\u0131l\u0131r ve kullan\u0131c\u0131lara g\u00fc\u00e7l\u00fc ayr\u0131cal\u0131k duygusu ya\u015fat\u0131r.<\/p>\n<p><strong>NOT: Renk tonlar\u0131 katalog renkleri ile farkl\u0131l\u0131k g\u00f6sterebilir.<\/strong><\/p>\n<p>[\/vc_column_text]\r\n\t<div class=\"bauer-spacer clearfix\" data-desktop=\"60\" data-mobi=\"30\" data-smobi=\"30\"><\/div><div class=\"bauer-grid-box clearfix grid2 border-light v-30 h-15 no-borders\" data-grid=\"2\" >\r\n\t\t<div class=\"button-wrap icon-right\" style=\"display: block; text-align: center;\" ><a href=\"\" target=\"_blank\" class=\"bauer-button btn-301611944 medium no_icon custom outline solid custom\" style=\"display: block; text-align: center;border-radius:10px;border-width:1px;\"  data-background=\"#dd9933\" data-border=\"\" data-text=\"#ffffff\">\r\n\t\t<span style=\"\">\u00dcr\u00fcn Bilgi Talep Formu <\/span>\r\n\t<\/a><\/div><div class=\"button-wrap icon-right\" style=\"\" ><a href=\"\" target=\"_blank\" class=\"bauer-button btn-1565190181 medium no_icon custom outline solid custom\" style=\"border-radius:10px;border-width:1px;\"  data-background=\"#5e992f\" data-border=\"\" data-text=\"#ffffff\">\r\n\t\t<span style=\"\">Katalog <\/span>\r\n\t<\/a><\/div>\n\r\n\t<\/div>[\/vc_column_inner][vc_column_inner width=&#8221;1\/2&#8243;]<div class=\"bauer-images-carousel  arrow-center has-arrows\" data-auto=\"true\" data-loop=\"true\" data-gap=\"30\" data-column=\"1\" data-column2=\"2\" data-column3=\"1\">\r\n        <div class=\"owl-carousel owl-theme\"><div class=\"item-wrap\"><img decoding=\"async\" src=\"https:\/\/www.brunetta.com.tr\/wp-content\/uploads\/2023\/06\/smeraldo-1.png\" alt=\"Image\"><\/div><div class=\"item-wrap\"><img decoding=\"async\" src=\"https:\/\/www.brunetta.com.tr\/wp-content\/uploads\/2023\/06\/smeraldo3-1.png\" alt=\"Image\"><\/div><div class=\"item-wrap\"><img decoding=\"async\" src=\"https:\/\/www.brunetta.com.tr\/wp-content\/uploads\/2023\/06\/smeraldo4.png\" alt=\"Image\"><\/div><div class=\"item-wrap\"><img decoding=\"async\" src=\"https:\/\/www.brunetta.com.tr\/wp-content\/uploads\/2023\/06\/smeraldo2.png\" alt=\"Image\"><\/div><div class=\"item-wrap\"><img decoding=\"async\" src=\"https:\/\/www.brunetta.com.tr\/wp-content\/uploads\/2023\/06\/smeraldo3.jpg\" alt=\"Image\"><\/div><\/div><\/div>\r\n\t<div class=\"bauer-spacer clearfix\" data-desktop=\"10\" data-mobi=\"40\" data-smobi=\"40\"><\/div>[\/vc_column_inner][\/vc_row_inner]\r\n\t<div class=\"bauer-spacer clearfix\" data-desktop=\"100\" data-mobi=\"60\" data-smobi=\"60\"><\/div>[\/vc_column][\/vc_row][vc_row][vc_column][vc_tta_tabs][vc_tta_section title=&#8221;Teknik Bilgiler&#8221; tab_id=&#8221;1685705414312-48e39f1b-f55b&#8221;][vc_single_image image=&#8221;9564&#8243;][\/vc_tta_section][vc_tta_section title=&#8221;Ba\u011flant\u0131 \u015eekilleri&#8221; tab_id=&#8221;1685705414317-dfeaf408-10d1&#8243;][vc_column_text]<strong>1 \u2013 ALT KAR\u015eIT U\u00c7 BA\u011eLANTI<\/strong><br \/>\nB\u00fct\u00fcn modellere uygulanabilir. Radyat\u00f6rle birlikte \u00fccretsiz verilen \u201cY\u00f6n T\u0131-kac\u0131\u201d s\u0131cak su giri\u015finin oldu\u011fu y\u00f6nden 10. dilime kadar olan radyat\u00f6rlerde 3-4 dilimler aras\u0131na,10 dilimden b\u00fcy\u00fck radyat\u00f6rlerde 4-5 dilimler aras\u0131na ko-nulur. Hava alma purj\u00f6r\u00fc y\u00f6n t\u0131kac\u0131n\u0131n \u00e7apraz\u0131na tak\u0131lmal\u0131d\u0131r.<\/p>\n<p><strong>2 -\u00c7APRAZ BA\u011eLANTI<\/strong><br \/>\nB\u00fct\u00fcn modellere uygulanabilir. S\u0131cak su giri\u015fi ve hava alma purj\u00f6r\u00fc mutlaka \u00fcst tarafta olmas\u0131 gereklidir.<\/p>\n<p><strong>3 \u2013 PARALEL BA\u011eLANTI<\/strong><br \/>\nB\u00fct\u00fcn modellere uygulanabilir. S\u0131cak su giri\u015fi ve hava alma purj\u00f6r\u00fc mutlaka \u00fcst tarafta olmas\u0131 gereklidir.<\/p>\n<p><strong>4 \u2013 ALTTAN G\u0130R\u0130\u015e \u00c7IKI\u015eLI (HB) BA\u011eLANT<\/strong>I<br \/>\nB\u00fct\u00fcn modellere uygulanabilir. Y\u00f6n t\u0131kac\u0131 fabrika imalat esnas\u0131nda tak\u0131l\u0131r. S\u0131cak su giri\u015fi d\u0131\u015f taraftan, so\u011fuk su \u00e7\u0131k\u0131\u015f\u0131 da i\u00e7 taraftan yap\u0131lmal\u0131d\u0131r. Ters taraftan s\u0131cak su giri\u015fi yap\u0131l\u0131rsa sadece 4. dilim \u0131sn\u0131r.<\/p>\n<p><strong>5 -KOMPAKT ENTEGRE TERMOSTAT\u0130K VANALI<\/strong><br \/>\nB\u00fct\u00fcn modellere uygulanabilir. Y\u00f6n t\u0131kac\u0131 fabrika imalat esnas\u0131nda tak\u0131l\u0131r. S\u0131cak su giri\u015fi d\u0131\u015f taraftan, so\u011fuk su \u00e7\u0131k\u0131\u015f\u0131 da i\u00e7 taraftan yap\u0131lmal\u0131d\u0131r. Ter-mostat ve \u00f6zel \u00e7ekirde\u011fi s\u0131cak su giri\u015fi y\u00f6n\u00fc ile ayn\u0131 olmal\u0131d\u0131r<\/p>\n<p><strong>6 -BY-PASS BA\u011eLANTI<\/strong><br \/>\nB\u00fct\u00fcn modellere uygulanabilir. S\u0131cak su giri\u015fi radyat\u00f6re yak\u0131n olan borudan yap\u0131l\u0131r.[\/vc_column_text][\/vc_tta_section][\/vc_tta_tabs]\r\n\t<div class=\"bauer-spacer clearfix\" data-desktop=\"100\" data-mobi=\"60\" data-smobi=\"60\"><\/div>[\/vc_column][\/vc_row]<\/p>\n","protected":false},"excerpt":{"rendered":"<p>[vc_row css=&#8221;.vc_custom_1558754119849{background-image: url(https:\/\/www.brunetta.com.tr\/wp-content\/uploads\/2019\/05\/main-bg-1.png?id=8860) !important;background-position: center !important;background-repeat: no-repeat !important;background-size: cover !important;}&#8221; el_id=&#8221;first-row&#8221;][vc_column][vc_row_inner][vc_column_inner width=&#8221;1\/2&#8243;][vc_column_text]AYRICALIKLI ve AS\u0130L Y\u00fcksek \u0131s\u0131tma g\u00fcc\u00fc sayesinde bir al\u00fcminyum radyat\u00f6rden beklenebilecek b\u00fct\u00fcn \u00f6zelliklere sahip bir \u00fcr\u00fcnd\u00fcr. \u00d6zellikle yere kadar cam b\u00f6lmelerle ayr\u0131lm\u0131\u015f duvars\u0131z mekanlar i\u00e7in e\u015fsiz bir \u00e7\u00f6z\u00fcmd\u00fcr, \u00f6zel tasarlanan ayaklar\u0131 sayesinde duvara ihtiya\u00e7 duyulmadan her yere kolayca montaj\u0131<\/p>\n","protected":false},"author":1,"featured_media":0,"parent":0,"menu_order":0,"comment_status":"closed","ping_status":"closed","template":"","meta":{"_mi_skip_tracking":false,"footnotes":""},"class_list":["post-9535","page","type-page","status-publish","hentry"],"_links":{"self":[{"href":"https:\/\/www.brunetta.com.tr\/index.php\/wp-json\/wp\/v2\/pages\/9535","targetHints":{"allow":["GET"]}}],"collection":[{"href":"https:\/\/www.brunetta.com.tr\/index.php\/wp-json\/wp\/v2\/pages"}],"about":[{"href":"https:\/\/www.brunetta.com.tr\/index.php\/wp-json\/wp\/v2\/types\/page"}],"author":[{"embeddable":true,"href":"https:\/\/www.brunetta.com.tr\/index.php\/wp-json\/wp\/v2\/users\/1"}],"replies":[{"embeddable":true,"href":"https:\/\/www.brunetta.com.tr\/index.php\/wp-json\/wp\/v2\/comments?post=9535"}],"version-history":[{"count":1,"href":"https:\/\/www.brunetta.com.tr\/index.php\/wp-json\/wp\/v2\/pages\/9535\/revisions"}],"predecessor-version":[{"id":9565,"href":"https:\/\/www.brunetta.com.tr\/index.php\/wp-json\/wp\/v2\/pages\/9535\/revisions\/9565"}],"wp:attachment":[{"href":"https:\/\/www.brunetta.com.tr\/index.php\/wp-json\/wp\/v2\/media?parent=9535"}],"curies":[{"name":"wp","href":"https:\/\/api.w.org\/{rel}","templated":true}]}}